{"id":443,"date":"2025-07-23T14:35:10","date_gmt":"2025-07-23T14:35:10","guid":{"rendered":"https:\/\/test.iktyos.se\/?page_id=443"},"modified":"2026-01-23T10:18:24","modified_gmt":"2026-01-23T10:18:24","slug":"bok-om-iktyossjukdomar","status":"publish","type":"page","link":"https:\/\/iktyos.se\/?page_id=443","title":{"rendered":"Boken om iktyossjukdomar"},"content":{"rendered":"\n<h3 class=\"wp-block-heading\">Boken om iktyossjukdomar<\/h3>\n\n\n\n<h5 class=\"wp-block-heading\">av Agneta G\u00e5nemo<\/h5>\n\n\n\n<p>Denna bok, som utkom 2021, \u00e4r en frist\u00e5ende och omarbetad upplaga av en tidigare utg\u00e5va om iktyos. Kapitlen har uppdaterats med den senaste och f\u00f6rdjupade kunskapen inom omr\u00e5det. Boken \u00e4r inbunden, omfattar 295 sidor och inneh\u00e5ller m\u00e5nga illustrativa bilder.<\/p>\n\n\n\n<h4 class=\"wp-block-heading\"><strong>F\u00f6r vem \u00e4r boken?<\/strong><\/h4>\n\n\n\n<p>Boken riktar sig till dig som m\u00f6ter barn och vuxna med iktyos inom v\u00e5rd och omsorg. Den \u00e4r ocks\u00e5 en v\u00e4rdefull resurs f\u00f6r dig som sj\u00e4lv lever med iktyos eller \u00e4r anh\u00f6rig till n\u00e5gon med sjukdomen.<\/p>\n\n\n\n<p>Du f\u00e5r f\u00f6lja livet med iktyos fr\u00e5n f\u00f6dseln, genom barndom och vuxenliv, till hur \u00e4ldre personer med sjukdomen b\u00e4st kan tas om hand. Boken ger en grundlig genomg\u00e5ng av olika iktyossjukdomar \u2013 deras orsaker, symtom, komplikationer och behandlingsm\u00f6jligheter. Den tar \u00e4ven upp psykologiska aspekter och ger praktiska r\u00e5d f\u00f6r vardagen, inklusive tips om hudv\u00e5rd och sociala utmaningar.<\/p>\n\n\n\n<p>Anv\u00e4nd g\u00e4rna boken som b\u00e5de handbok och uppslagsverk \u2013 och hj\u00e4lp till att sprida kunskapen!<\/p>\n\n\n\n<h4 class=\"wp-block-heading\"><strong>Om f\u00f6rfattaren<\/strong>:<\/h4>\n\n\n\n<p>Agneta G\u00e5nemo \u00e4r docent i experimentell dermatologi och har disputerat med en avhandling om \u00e4rftlig iktyos. N\u00e4r hon sj\u00e4lv fick tv\u00e5 barn med lamell\u00e4r iktyos v\u00e4cktes hennes engagemang att f\u00f6rdjupa sig i sjukdomen och sprida kunskap till andra. Genom sitt yrke och sin forskning har hon byggt upp en gedigen erfarenhet av b\u00e5de behandling och livet med iktyos.<\/p>\n\n\n\n<h4 class=\"wp-block-heading\"><strong>Best\u00e4llning och pris<\/strong>:<\/h4>\n\n\n\n<h6 class=\"wp-block-heading\"><strong>Medlemmar i Iktyosf\u00f6reningen<\/strong>:<\/h6>\n\n\n\n<ul class=\"wp-block-list\">\n<li>En bok per hush\u00e5ll kan k\u00f6pas f\u00f6r&nbsp;<strong>150 kr<\/strong>&nbsp;(exkl. porto).<\/li>\n\n\n\n<li>Ytterligare exemplar kostar&nbsp;<strong>300 kr\/st<\/strong>&nbsp;(exkl. porto).<\/li>\n\n\n\n<li>Best\u00e4ll via shoppen.<\/li>\n<\/ul>\n\n\n\n<h6 class=\"wp-block-heading\">Icke medlemmar:<\/h6>\n\n\n\n<ul class=\"wp-block-list\">\n<li>K\u00f6per boken direkt fr\u00e5n f\u00f6rfattaren.<\/li>\n<\/ul>\n\n\n\n<h4 class=\"wp-block-heading\"><strong>V\u00e4lkommen med din best\u00e4llning!<\/strong><\/h4>\n\n\n\n<p>\u00c4r du medlem \u2013 eller vill bli det \u2013 kontakta Iktyosf\u00f6reningen.<br>I \u00f6vriga fall, ta kontakt direkt med Agneta G\u00e5nemo.<\/p>\n\n\n\n<h4 class=\"wp-block-heading\"><strong>Kontakt f\u00f6r best\u00e4llning (f\u00f6r icke-medlemmar):<\/strong><\/h4>\n\n\n\n<p><strong>Agneta G\u00e5nemo<\/strong><br>Firma Agneta G\u00e5nemo<br>Norra V\u00e4ret 19<br>302 60 Halmstad<br>\ud83d\udcde 070-725 67 88<br>\ud83d\udce7&nbsp;<a href=\"mailto:agneta@ganemo.se\" target=\"_blank\" rel=\"noreferrer noopener\">agneta@ganemo.se<\/a><\/p>\n","protected":false},"excerpt":{"rendered":"<p>Boken om iktyossjukdomar av Agneta G\u00e5nemo Denna bok, som utkom 2021, \u00e4r en frist\u00e5ende och omarbetad upplaga av en tidigare utg\u00e5va om iktyos. Kapitlen har uppdaterats med den senaste och f\u00f6rdjupade kunskapen inom omr\u00e5det. Boken \u00e4r inbunden, omfattar 295 sidor <span class=\"excerpt-dots\">&hellip;<\/span> <a class=\"more-link\" href=\"https:\/\/iktyos.se\/?page_id=443\"><span class=\"more-msg\">L\u00e4s mer &rarr;<\/span><\/a><\/p>\n","protected":false},"author":1,"featured_media":0,"parent":2,"menu_order":7,"comment_status":"closed","ping_status":"closed","template":"","meta":{"_uag_custom_page_level_css":"","footnotes":""},"class_list":["post-443","page","type-page","status-publish","hentry"],"uagb_featured_image_src":{"full":false,"thumbnail":false,"medium":false,"medium_large":false,"large":false,"1536x1536":false,"2048x2048":false},"uagb_author_info":{"display_name":"Iktyosf\u00f6reningen","author_link":"https:\/\/iktyos.se\/?author=1"},"uagb_comment_info":0,"uagb_excerpt":"Boken om iktyossjukdomar av Agneta G\u00e5nemo Denna bok, som utkom 2021, \u00e4r en frist\u00e5ende och omarbetad upplaga av en tidigare utg\u00e5va om iktyos. Kapitlen har uppdaterats med den senaste och f\u00f6rdjupade kunskapen inom omr\u00e5det. Boken \u00e4r inbunden, omfattar 295 sidor &hellip; L\u00e4s mer &rarr;","_links":{"self":[{"href":"https:\/\/iktyos.se\/index.php?rest_route=\/wp\/v2\/pages\/443","targetHints":{"allow":["GET"]}}],"collection":[{"href":"https:\/\/iktyos.se\/index.php?rest_route=\/wp\/v2\/pages"}],"about":[{"href":"https:\/\/iktyos.se\/index.php?rest_route=\/wp\/v2\/types\/page"}],"author":[{"embeddable":true,"href":"https:\/\/iktyos.se\/index.php?rest_route=\/wp\/v2\/users\/1"}],"replies":[{"embeddable":true,"href":"https:\/\/iktyos.se\/index.php?rest_route=%2Fwp%2Fv2%2Fcomments&post=443"}],"version-history":[{"count":6,"href":"https:\/\/iktyos.se\/index.php?rest_route=\/wp\/v2\/pages\/443\/revisions"}],"predecessor-version":[{"id":1838,"href":"https:\/\/iktyos.se\/index.php?rest_route=\/wp\/v2\/pages\/443\/revisions\/1838"}],"up":[{"embeddable":true,"href":"https:\/\/iktyos.se\/index.php?rest_route=\/wp\/v2\/pages\/2"}],"wp:attachment":[{"href":"https:\/\/iktyos.se\/index.php?rest_route=%2Fwp%2Fv2%2Fmedia&parent=443"}],"curies":[{"name":"wp","href":"https:\/\/api.w.org\/{rel}","templated":true}]}}