{"id":1143,"date":"2025-12-04T10:44:31","date_gmt":"2025-12-04T10:44:31","guid":{"rendered":"https:\/\/test.iktyos.se\/?page_id=1143"},"modified":"2026-01-23T09:04:48","modified_gmt":"2026-01-23T09:04:48","slug":"foreningshelg","status":"publish","type":"page","link":"https:\/\/iktyos.se\/?page_id=1143","title":{"rendered":"F\u00f6reningshelg"},"content":{"rendered":"\n<h3 class=\"wp-block-heading\">F\u00f6reningshelg<\/h3>\n\n\n\n<p>Varje \u00e5r sedan 1988 har vi, med n\u00e5gra undantag, haft en f\u00f6reningshelg i maj.<\/p>\n\n\n\n<p>Vi tr\u00e4ffas p\u00e5 fredagskv\u00e4llen d\u00e4r vi grillar och umg\u00e5s. P\u00e5 l\u00f6rdagen har vi \u00e5rsm\u00f6te och n\u00e5gon annan aktivitet d\u00e4r vi kan utbyta erfarenheter, l\u00e4ra k\u00e4nna varandra och utveckla f\u00f6reningen. P\u00e5 kv\u00e4llen njuter vi av en trevlig middag med musikquiz, dans och annan underh\u00e5llning. P\u00e5 s\u00f6ndagen efter frukost har vi mer samkv\u00e4m och helgen avslutas med gemensam lunch.<\/p>\n\n\n\n<figure class=\"wp-block-table alignleft\"><table class=\"has-fixed-layout\"><tbody><tr><td class=\"has-text-align-left\" data-align=\"left\"><strong>\u00c5r<\/strong><\/td><td class=\"has-text-align-left\" data-align=\"left\"><strong>Plats<\/strong><\/td><\/tr><tr><td class=\"has-text-align-left\" data-align=\"left\"><strong>2025<\/strong><\/td><td class=\"has-text-align-left\" data-align=\"left\">Norrt\u00e4lje-V\u00e4dd\u00f6<\/td><\/tr><tr><td class=\"has-text-align-left\" data-align=\"left\"><strong>2024<\/strong><\/td><td class=\"has-text-align-left\" data-align=\"left\">Falkenberg &#8211; Gits G\u00e5rd<\/td><\/tr><tr><td class=\"has-text-align-left\" data-align=\"left\"><strong>2023<\/strong><\/td><td class=\"has-text-align-left\" data-align=\"left\">Skellefte\u00e5 &#8211; Medlefors folkh\u00f6gskola<\/td><\/tr><tr><td class=\"has-text-align-left\" data-align=\"left\"><strong>2022<\/strong><\/td><td class=\"has-text-align-left\" data-align=\"left\">\u00c5tvidaberg-Yxnerums kurs och konferenscenter<\/td><\/tr><tr><td class=\"has-text-align-left\" data-align=\"left\"><strong>2021<\/strong><\/td><td class=\"has-text-align-left\" data-align=\"left\">Digitalt pga. Corona pandemi i maj Axevalla folkh\u00f6gskola, n\u00e4ra Skara i september<\/td><\/tr><tr><td class=\"has-text-align-left\" data-align=\"left\"><strong>2020<\/strong><\/td><td class=\"has-text-align-left\" data-align=\"left\">Inget l\u00e4ger pga. Corona pandemi, Digitalt \u00e5rsm\u00f6te.<\/td><\/tr><tr><td class=\"has-text-align-left\" data-align=\"left\"><strong>2019<\/strong><\/td><td class=\"has-text-align-left\" data-align=\"left\">S\u00e4ter &#8211; S\u00e4ter stadshotell<\/td><\/tr><tr><td class=\"has-text-align-left\" data-align=\"left\"><strong>2018<\/strong><\/td><td class=\"has-text-align-left\" data-align=\"left\">Sundbyberg &#8211; endast \u00e5rsm\u00f6te; \u00c4ngelholm konferenshotell 57 &#8211; 30 &#8211; \u00e5rsjubileum<\/td><\/tr><tr><td class=\"has-text-align-left\" data-align=\"left\"><strong>2017<\/strong><\/td><td class=\"has-text-align-left\" data-align=\"left\">Karlstad &#8211; Scandic hotell<\/td><\/tr><tr><td class=\"has-text-align-left\" data-align=\"left\"><strong>2016<\/strong><\/td><td class=\"has-text-align-left\" data-align=\"left\">Mullsj\u00f6 folkh\u00f6gskola<\/td><\/tr><tr><td class=\"has-text-align-left\" data-align=\"left\"><strong>2015<\/strong><\/td><td class=\"has-text-align-left\" data-align=\"left\">Stockholm-Helsingfors. Tr\u00e4ffade finska iktyosf\u00f6reningen<\/td><\/tr><tr><td class=\"has-text-align-left\" data-align=\"left\"><strong>2014<\/strong><\/td><td class=\"has-text-align-left\" data-align=\"left\">Skellefte\u00e5-Medelfors folkh\u00f6gskola<\/td><\/tr><tr><td class=\"has-text-align-left\" data-align=\"left\"><strong>2013<\/strong><\/td><td class=\"has-text-align-left\" data-align=\"left\">Norrk\u00f6ping ENI &#8211; Europeiska N\u00e4tverket f\u00f6r Iktyosf\u00f6reningar var med<\/td><\/tr><tr><td class=\"has-text-align-left\" data-align=\"left\"><strong>2012<\/strong><\/td><td class=\"has-text-align-left\" data-align=\"left\">Halmstad &#8211; Gullbrannag\u00e5rden<\/td><\/tr><tr><td class=\"has-text-align-left\" data-align=\"left\"><strong>2011<\/strong><\/td><td class=\"has-text-align-left\" data-align=\"left\">Bolln\u00e4s folkh\u00f6gskola<\/td><\/tr><tr><td class=\"has-text-align-left\" data-align=\"left\"><strong>2010<\/strong><\/td><td class=\"has-text-align-left\" data-align=\"left\">Ving\u00e5ker &#8211; Hj\u00e4lmareg\u00e5rden<\/td><\/tr><tr><td class=\"has-text-align-left\" data-align=\"left\"><strong>2009<\/strong><\/td><td class=\"has-text-align-left\" data-align=\"left\">Mariannelund<\/td><\/tr><tr><td class=\"has-text-align-left\" data-align=\"left\"><strong>2008<\/strong><\/td><td class=\"has-text-align-left\" data-align=\"left\">\u00c4ngelhom 20-\u00e5rsjubileum<\/td><\/tr><tr><td class=\"has-text-align-left\" data-align=\"left\"><strong>2007<\/strong><\/td><td class=\"has-text-align-left\" data-align=\"left\">Norrt\u00e4lje-V\u00e4dd\u00f6<\/td><\/tr><tr><td class=\"has-text-align-left\" data-align=\"left\"><strong>2006<\/strong><\/td><td class=\"has-text-align-left\" data-align=\"left\">Str\u00f6mstad<\/td><\/tr><tr><td class=\"has-text-align-left\" data-align=\"left\"><strong>2005<\/strong><\/td><td class=\"has-text-align-left\" data-align=\"left\">Aneby &#8211; Ralingsg\u00e5rden<\/td><\/tr><tr><td class=\"has-text-align-left\" data-align=\"left\"><strong>2004<\/strong><\/td><td class=\"has-text-align-left\" data-align=\"left\">Mal\u00e5<\/td><\/tr><tr><td class=\"has-text-align-left\" data-align=\"left\"><strong>2003<\/strong><\/td><td class=\"has-text-align-left\" data-align=\"left\">Arvika-Brunskog<\/td><\/tr><tr><td class=\"has-text-align-left\" data-align=\"left\"><strong>2002<\/strong><\/td><td class=\"has-text-align-left\" data-align=\"left\">Enk\u00f6ping- H\u00e4rjar\u00f6<\/td><\/tr><tr><td class=\"has-text-align-left\" data-align=\"left\"><strong>2001<\/strong><\/td><td class=\"has-text-align-left\" data-align=\"left\">J\u00f6nk\u00f6ping- H\u00f6kens\u00e5s<\/td><\/tr><tr><td class=\"has-text-align-left\" data-align=\"left\"><strong>2000<\/strong><\/td><td class=\"has-text-align-left\" data-align=\"left\">Norrk\u00f6ping<\/td><\/tr><tr><td class=\"has-text-align-left\" data-align=\"left\"><strong>1999<\/strong><\/td><td class=\"has-text-align-left\" data-align=\"left\">Kung\u00e4lv<\/td><\/tr><tr><td class=\"has-text-align-left\" data-align=\"left\"><strong>1998<\/strong><\/td><td class=\"has-text-align-left\" data-align=\"left\">\u00c4ngelholm 10-\u00e5rsjubileum<\/td><\/tr><tr><td class=\"has-text-align-left\" data-align=\"left\"><strong>1997<\/strong><\/td><td class=\"has-text-align-left\" data-align=\"left\">Norrt\u00e4lje-V\u00e4dd\u00f6<\/td><\/tr><tr><td class=\"has-text-align-left\" data-align=\"left\"><strong>1996<\/strong><\/td><td class=\"has-text-align-left\" data-align=\"left\">H\u00e4ssleholm<\/td><\/tr><tr><td class=\"has-text-align-left\" data-align=\"left\"><strong>1995<\/strong><\/td><td class=\"has-text-align-left\" data-align=\"left\">Halmstad<\/td><\/tr><tr><td class=\"has-text-align-left\" data-align=\"left\"><strong>1994<\/strong><\/td><td class=\"has-text-align-left\" data-align=\"left\">Uddevalla<\/td><\/tr><tr><td class=\"has-text-align-left\" data-align=\"left\"><strong>1993<\/strong><\/td><td class=\"has-text-align-left\" data-align=\"left\">Skillingaryd<\/td><\/tr><tr><td class=\"has-text-align-left\" data-align=\"left\"><strong>1992<\/strong><\/td><td class=\"has-text-align-left\" data-align=\"left\">Tyres\u00f6<\/td><\/tr><tr><td class=\"has-text-align-left\" data-align=\"left\"><strong>1991<\/strong><\/td><td class=\"has-text-align-left\" data-align=\"left\">\u00c4ngelholm-Magnarp<\/td><\/tr><tr><td class=\"has-text-align-left\" data-align=\"left\"><strong>1990<\/strong><\/td><td class=\"has-text-align-left\" data-align=\"left\">\u00d6rebro<\/td><\/tr><tr><td class=\"has-text-align-left\" data-align=\"left\"><strong>1989<\/strong><\/td><td class=\"has-text-align-left\" data-align=\"left\">\u00c4ngelholm Former f\u00f6r f\u00f6reningen b\u00f6rjar ta <\/td><\/tr><tr><td class=\"has-text-align-left\" data-align=\"left\"><strong>1988<\/strong><\/td><td class=\"has-text-align-left\" data-align=\"left\">\u00c4ngelholm F\u00f6rsta \u00e5rsm\u00f6tet d\u00e4r stadgar fastst\u00e4lls m.m. F\u00f6reningen bildas.<\/td><\/tr><\/tbody><\/table><\/figure>\n\n\n\n<div style=\"height:50px\" aria-hidden=\"true\" class=\"wp-block-spacer\"><\/div>\n\n\n\n<figure class=\"wp-block-gallery has-nested-images columns-default is-cropped wp-block-gallery-1 is-layout-flex wp-block-gallery-is-layout-flex\">\n<figure data-wp-context=\"{&quot;imageId&quot;:&quot;69f0b259a758a&quot;}\" data-wp-interactive=\"core\/image\" data-wp-key=\"69f0b259a758a\" class=\"wp-block-image size-large wp-lightbox-container\"><img loading=\"lazy\" decoding=\"async\" width=\"600\" height=\"373\" data-wp-class--hide=\"state.isContentHidden\" data-wp-class--show=\"state.isContentVisible\" data-wp-init=\"callbacks.setButtonStyles\" data-wp-on--click=\"actions.showLightbox\" data-wp-on--load=\"callbacks.setButtonStyles\" data-wp-on-window--resize=\"callbacks.setButtonStyles\" data-id=\"1482\" src=\"https:\/\/iktyos.se\/wp-content\/uploads\/2025\/12\/Sander-och-Gander_2-minskad-600x373.jpg\" alt=\"\" class=\"wp-image-1482\" srcset=\"https:\/\/iktyos.se\/wp-content\/uploads\/2025\/12\/Sander-och-Gander_2-minskad-600x373.jpg 600w, https:\/\/iktyos.se\/wp-content\/uploads\/2025\/12\/Sander-och-Gander_2-minskad-300x187.jpg 300w, https:\/\/iktyos.se\/wp-content\/uploads\/2025\/12\/Sander-och-Gander_2-minskad-768x477.jpg 768w, https:\/\/iktyos.se\/wp-content\/uploads\/2025\/12\/Sander-och-Gander_2-minskad.jpg 1200w\" sizes=\"auto, (max-width: 600px) 100vw, 600px\" \/><button\n\t\t\tclass=\"lightbox-trigger\"\n\t\t\ttype=\"button\"\n\t\t\taria-haspopup=\"dialog\"\n\t\t\taria-label=\"F\u00f6rstora\"\n\t\t\tdata-wp-init=\"callbacks.initTriggerButton\"\n\t\t\tdata-wp-on--click=\"actions.showLightbox\"\n\t\t\tdata-wp-style--right=\"state.imageButtonRight\"\n\t\t\tdata-wp-style--top=\"state.imageButtonTop\"\n\t\t>\n\t\t\t<svg xmlns=\"http:\/\/www.w3.org\/2000\/svg\" width=\"12\" height=\"12\" fill=\"none\" viewBox=\"0 0 12 12\">\n\t\t\t\t<path fill=\"#fff\" d=\"M2 0a2 2 0 0 0-2 2v2h1.5V2a.5.5 0 0 1 .5-.5h2V0H2Zm2 10.5H2a.5.5 0 0 1-.5-.5V8H0v2a2 2 0 0 0 2 2h2v-1.5ZM8 12v-1.5h2a.5.5 0 0 0 .5-.5V8H12v2a2 2 0 0 1-2 2H8Zm2-12a2 2 0 0 1 2 2v2h-1.5V2a.5.5 0 0 0-.5-.5H8V0h2Z\" \/>\n\t\t\t<\/svg>\n\t\t<\/button><\/figure>\n\n\n\n<figure data-wp-context=\"{&quot;imageId&quot;:&quot;69f0b259a7c88&quot;}\" data-wp-interactive=\"core\/image\" data-wp-key=\"69f0b259a7c88\" class=\"wp-block-image size-large wp-lightbox-container\"><img loading=\"lazy\" decoding=\"async\" width=\"600\" height=\"294\" data-wp-class--hide=\"state.isContentHidden\" data-wp-class--show=\"state.isContentVisible\" data-wp-init=\"callbacks.setButtonStyles\" data-wp-on--click=\"actions.showLightbox\" data-wp-on--load=\"callbacks.setButtonStyles\" data-wp-on-window--resize=\"callbacks.setButtonStyles\" data-id=\"1481\" src=\"https:\/\/iktyos.se\/wp-content\/uploads\/2025\/12\/Fredagsgrill-1-600x294.jpg\" alt=\"\" class=\"wp-image-1481\" srcset=\"https:\/\/iktyos.se\/wp-content\/uploads\/2025\/12\/Fredagsgrill-1-600x294.jpg 600w, https:\/\/iktyos.se\/wp-content\/uploads\/2025\/12\/Fredagsgrill-1-300x147.jpg 300w, https:\/\/iktyos.se\/wp-content\/uploads\/2025\/12\/Fredagsgrill-1-768x377.jpg 768w, https:\/\/iktyos.se\/wp-content\/uploads\/2025\/12\/Fredagsgrill-1-1536x753.jpg 1536w, https:\/\/iktyos.se\/wp-content\/uploads\/2025\/12\/Fredagsgrill-1-2048x1004.jpg 2048w\" sizes=\"auto, (max-width: 600px) 100vw, 600px\" \/><button\n\t\t\tclass=\"lightbox-trigger\"\n\t\t\ttype=\"button\"\n\t\t\taria-haspopup=\"dialog\"\n\t\t\taria-label=\"F\u00f6rstora\"\n\t\t\tdata-wp-init=\"callbacks.initTriggerButton\"\n\t\t\tdata-wp-on--click=\"actions.showLightbox\"\n\t\t\tdata-wp-style--right=\"state.imageButtonRight\"\n\t\t\tdata-wp-style--top=\"state.imageButtonTop\"\n\t\t>\n\t\t\t<svg xmlns=\"http:\/\/www.w3.org\/2000\/svg\" width=\"12\" height=\"12\" fill=\"none\" viewBox=\"0 0 12 12\">\n\t\t\t\t<path fill=\"#fff\" d=\"M2 0a2 2 0 0 0-2 2v2h1.5V2a.5.5 0 0 1 .5-.5h2V0H2Zm2 10.5H2a.5.5 0 0 1-.5-.5V8H0v2a2 2 0 0 0 2 2h2v-1.5ZM8 12v-1.5h2a.5.5 0 0 0 .5-.5V8H12v2a2 2 0 0 1-2 2H8Zm2-12a2 2 0 0 1 2 2v2h-1.5V2a.5.5 0 0 0-.5-.5H8V0h2Z\" \/>\n\t\t\t<\/svg>\n\t\t<\/button><\/figure>\n\n\n\n<figure data-wp-context=\"{&quot;imageId&quot;:&quot;69f0b259a8197&quot;}\" data-wp-interactive=\"core\/image\" data-wp-key=\"69f0b259a8197\" class=\"wp-block-image size-large wp-lightbox-container\"><img loading=\"lazy\" decoding=\"async\" width=\"600\" height=\"397\" data-wp-class--hide=\"state.isContentHidden\" data-wp-class--show=\"state.isContentVisible\" data-wp-init=\"callbacks.setButtonStyles\" data-wp-on--click=\"actions.showLightbox\" data-wp-on--load=\"callbacks.setButtonStyles\" data-wp-on-window--resize=\"callbacks.setButtonStyles\" data-id=\"1480\" src=\"https:\/\/iktyos.se\/wp-content\/uploads\/2025\/12\/Upzone_1-600x397.jpg\" alt=\"\" class=\"wp-image-1480\" srcset=\"https:\/\/iktyos.se\/wp-content\/uploads\/2025\/12\/Upzone_1-600x397.jpg 600w, https:\/\/iktyos.se\/wp-content\/uploads\/2025\/12\/Upzone_1-300x199.jpg 300w, https:\/\/iktyos.se\/wp-content\/uploads\/2025\/12\/Upzone_1-768x509.jpg 768w, https:\/\/iktyos.se\/wp-content\/uploads\/2025\/12\/Upzone_1-1536x1017.jpg 1536w, https:\/\/iktyos.se\/wp-content\/uploads\/2025\/12\/Upzone_1-2048x1356.jpg 2048w\" sizes=\"auto, (max-width: 600px) 100vw, 600px\" \/><button\n\t\t\tclass=\"lightbox-trigger\"\n\t\t\ttype=\"button\"\n\t\t\taria-haspopup=\"dialog\"\n\t\t\taria-label=\"F\u00f6rstora\"\n\t\t\tdata-wp-init=\"callbacks.initTriggerButton\"\n\t\t\tdata-wp-on--click=\"actions.showLightbox\"\n\t\t\tdata-wp-style--right=\"state.imageButtonRight\"\n\t\t\tdata-wp-style--top=\"state.imageButtonTop\"\n\t\t>\n\t\t\t<svg xmlns=\"http:\/\/www.w3.org\/2000\/svg\" width=\"12\" height=\"12\" fill=\"none\" viewBox=\"0 0 12 12\">\n\t\t\t\t<path fill=\"#fff\" d=\"M2 0a2 2 0 0 0-2 2v2h1.5V2a.5.5 0 0 1 .5-.5h2V0H2Zm2 10.5H2a.5.5 0 0 1-.5-.5V8H0v2a2 2 0 0 0 2 2h2v-1.5ZM8 12v-1.5h2a.5.5 0 0 0 .5-.5V8H12v2a2 2 0 0 1-2 2H8Zm2-12a2 2 0 0 1 2 2v2h-1.5V2a.5.5 0 0 0-.5-.5H8V0h2Z\" \/>\n\t\t\t<\/svg>\n\t\t<\/button><\/figure>\n\n\n\n<figure data-wp-context=\"{&quot;imageId&quot;:&quot;69f0b259a86ac&quot;}\" data-wp-interactive=\"core\/image\" data-wp-key=\"69f0b259a86ac\" class=\"wp-block-image size-large wp-lightbox-container\"><img loading=\"lazy\" decoding=\"async\" width=\"600\" height=\"376\" data-wp-class--hide=\"state.isContentHidden\" data-wp-class--show=\"state.isContentVisible\" data-wp-init=\"callbacks.setButtonStyles\" data-wp-on--click=\"actions.showLightbox\" data-wp-on--load=\"callbacks.setButtonStyles\" data-wp-on-window--resize=\"callbacks.setButtonStyles\" data-id=\"1479\" src=\"https:\/\/iktyos.se\/wp-content\/uploads\/2025\/12\/Alla-deltagarna-1-600x376.jpg\" alt=\"\" class=\"wp-image-1479\" srcset=\"https:\/\/iktyos.se\/wp-content\/uploads\/2025\/12\/Alla-deltagarna-1-600x376.jpg 600w, https:\/\/iktyos.se\/wp-content\/uploads\/2025\/12\/Alla-deltagarna-1-300x188.jpg 300w, https:\/\/iktyos.se\/wp-content\/uploads\/2025\/12\/Alla-deltagarna-1-768x482.jpg 768w, https:\/\/iktyos.se\/wp-content\/uploads\/2025\/12\/Alla-deltagarna-1-1536x963.jpg 1536w, https:\/\/iktyos.se\/wp-content\/uploads\/2025\/12\/Alla-deltagarna-1-2048x1284.jpg 2048w\" sizes=\"auto, (max-width: 600px) 100vw, 600px\" \/><button\n\t\t\tclass=\"lightbox-trigger\"\n\t\t\ttype=\"button\"\n\t\t\taria-haspopup=\"dialog\"\n\t\t\taria-label=\"F\u00f6rstora\"\n\t\t\tdata-wp-init=\"callbacks.initTriggerButton\"\n\t\t\tdata-wp-on--click=\"actions.showLightbox\"\n\t\t\tdata-wp-style--right=\"state.imageButtonRight\"\n\t\t\tdata-wp-style--top=\"state.imageButtonTop\"\n\t\t>\n\t\t\t<svg xmlns=\"http:\/\/www.w3.org\/2000\/svg\" width=\"12\" height=\"12\" fill=\"none\" viewBox=\"0 0 12 12\">\n\t\t\t\t<path fill=\"#fff\" d=\"M2 0a2 2 0 0 0-2 2v2h1.5V2a.5.5 0 0 1 .5-.5h2V0H2Zm2 10.5H2a.5.5 0 0 1-.5-.5V8H0v2a2 2 0 0 0 2 2h2v-1.5ZM8 12v-1.5h2a.5.5 0 0 0 .5-.5V8H12v2a2 2 0 0 1-2 2H8Zm2-12a2 2 0 0 1 2 2v2h-1.5V2a.5.5 0 0 0-.5-.5H8V0h2Z\" \/>\n\t\t\t<\/svg>\n\t\t<\/button><\/figure>\n\n\n\n<figure data-wp-context=\"{&quot;imageId&quot;:&quot;69f0b259a8b60&quot;}\" data-wp-interactive=\"core\/image\" data-wp-key=\"69f0b259a8b60\" class=\"wp-block-image size-large wp-lightbox-container\"><img loading=\"lazy\" decoding=\"async\" width=\"600\" height=\"397\" data-wp-class--hide=\"state.isContentHidden\" data-wp-class--show=\"state.isContentVisible\" data-wp-init=\"callbacks.setButtonStyles\" data-wp-on--click=\"actions.showLightbox\" data-wp-on--load=\"callbacks.setButtonStyles\" data-wp-on-window--resize=\"callbacks.setButtonStyles\" data-id=\"1478\" src=\"https:\/\/iktyos.se\/wp-content\/uploads\/2025\/12\/Lunch-i-den-fina-matsalen-600x397.jpg\" alt=\"\" class=\"wp-image-1478\" srcset=\"https:\/\/iktyos.se\/wp-content\/uploads\/2025\/12\/Lunch-i-den-fina-matsalen-600x397.jpg 600w, https:\/\/iktyos.se\/wp-content\/uploads\/2025\/12\/Lunch-i-den-fina-matsalen-300x199.jpg 300w, https:\/\/iktyos.se\/wp-content\/uploads\/2025\/12\/Lunch-i-den-fina-matsalen-768x509.jpg 768w, https:\/\/iktyos.se\/wp-content\/uploads\/2025\/12\/Lunch-i-den-fina-matsalen-1536x1017.jpg 1536w, https:\/\/iktyos.se\/wp-content\/uploads\/2025\/12\/Lunch-i-den-fina-matsalen-2048x1356.jpg 2048w\" sizes=\"auto, (max-width: 600px) 100vw, 600px\" \/><button\n\t\t\tclass=\"lightbox-trigger\"\n\t\t\ttype=\"button\"\n\t\t\taria-haspopup=\"dialog\"\n\t\t\taria-label=\"F\u00f6rstora\"\n\t\t\tdata-wp-init=\"callbacks.initTriggerButton\"\n\t\t\tdata-wp-on--click=\"actions.showLightbox\"\n\t\t\tdata-wp-style--right=\"state.imageButtonRight\"\n\t\t\tdata-wp-style--top=\"state.imageButtonTop\"\n\t\t>\n\t\t\t<svg xmlns=\"http:\/\/www.w3.org\/2000\/svg\" width=\"12\" height=\"12\" fill=\"none\" viewBox=\"0 0 12 12\">\n\t\t\t\t<path fill=\"#fff\" d=\"M2 0a2 2 0 0 0-2 2v2h1.5V2a.5.5 0 0 1 .5-.5h2V0H2Zm2 10.5H2a.5.5 0 0 1-.5-.5V8H0v2a2 2 0 0 0 2 2h2v-1.5ZM8 12v-1.5h2a.5.5 0 0 0 .5-.5V8H12v2a2 2 0 0 1-2 2H8Zm2-12a2 2 0 0 1 2 2v2h-1.5V2a.5.5 0 0 0-.5-.5H8V0h2Z\" \/>\n\t\t\t<\/svg>\n\t\t<\/button><\/figure>\n\n\n\n<figure data-wp-context=\"{&quot;imageId&quot;:&quot;69f0b259a8ff8&quot;}\" data-wp-interactive=\"core\/image\" data-wp-key=\"69f0b259a8ff8\" class=\"wp-block-image size-large wp-lightbox-container\"><img loading=\"lazy\" decoding=\"async\" width=\"600\" height=\"397\" data-wp-class--hide=\"state.isContentHidden\" data-wp-class--show=\"state.isContentVisible\" data-wp-init=\"callbacks.setButtonStyles\" data-wp-on--click=\"actions.showLightbox\" data-wp-on--load=\"callbacks.setButtonStyles\" data-wp-on-window--resize=\"callbacks.setButtonStyles\" data-id=\"1477\" src=\"https:\/\/iktyos.se\/wp-content\/uploads\/2025\/12\/DSC_0800-600x397.jpg\" alt=\"\" class=\"wp-image-1477\" srcset=\"https:\/\/iktyos.se\/wp-content\/uploads\/2025\/12\/DSC_0800-600x397.jpg 600w, https:\/\/iktyos.se\/wp-content\/uploads\/2025\/12\/DSC_0800-300x199.jpg 300w, https:\/\/iktyos.se\/wp-content\/uploads\/2025\/12\/DSC_0800-768x509.jpg 768w, https:\/\/iktyos.se\/wp-content\/uploads\/2025\/12\/DSC_0800-1536x1017.jpg 1536w, https:\/\/iktyos.se\/wp-content\/uploads\/2025\/12\/DSC_0800-2048x1356.jpg 2048w\" sizes=\"auto, (max-width: 600px) 100vw, 600px\" \/><button\n\t\t\tclass=\"lightbox-trigger\"\n\t\t\ttype=\"button\"\n\t\t\taria-haspopup=\"dialog\"\n\t\t\taria-label=\"F\u00f6rstora\"\n\t\t\tdata-wp-init=\"callbacks.initTriggerButton\"\n\t\t\tdata-wp-on--click=\"actions.showLightbox\"\n\t\t\tdata-wp-style--right=\"state.imageButtonRight\"\n\t\t\tdata-wp-style--top=\"state.imageButtonTop\"\n\t\t>\n\t\t\t<svg xmlns=\"http:\/\/www.w3.org\/2000\/svg\" width=\"12\" height=\"12\" fill=\"none\" viewBox=\"0 0 12 12\">\n\t\t\t\t<path fill=\"#fff\" d=\"M2 0a2 2 0 0 0-2 2v2h1.5V2a.5.5 0 0 1 .5-.5h2V0H2Zm2 10.5H2a.5.5 0 0 1-.5-.5V8H0v2a2 2 0 0 0 2 2h2v-1.5ZM8 12v-1.5h2a.5.5 0 0 0 .5-.5V8H12v2a2 2 0 0 1-2 2H8Zm2-12a2 2 0 0 1 2 2v2h-1.5V2a.5.5 0 0 0-.5-.5H8V0h2Z\" \/>\n\t\t\t<\/svg>\n\t\t<\/button><\/figure>\n<\/figure>\n","protected":false},"excerpt":{"rendered":"<p>F\u00f6reningshelg Varje \u00e5r sedan 1988 har vi, med n\u00e5gra undantag, haft en f\u00f6reningshelg i maj. Vi tr\u00e4ffas p\u00e5 fredagskv\u00e4llen d\u00e4r vi grillar och umg\u00e5s. P\u00e5 l\u00f6rdagen har vi \u00e5rsm\u00f6te och n\u00e5gon annan aktivitet d\u00e4r vi kan utbyta erfarenheter, l\u00e4ra k\u00e4nna <span class=\"excerpt-dots\">&hellip;<\/span> <a class=\"more-link\" href=\"https:\/\/iktyos.se\/?page_id=1143\"><span class=\"more-msg\">L\u00e4s mer &rarr;<\/span><\/a><\/p>\n","protected":false},"author":1,"featured_media":0,"parent":0,"menu_order":0,"comment_status":"closed","ping_status":"closed","template":"","meta":{"_uag_custom_page_level_css":"","footnotes":""},"class_list":["post-1143","page","type-page","status-publish","hentry"],"uagb_featured_image_src":{"full":false,"thumbnail":false,"medium":false,"medium_large":false,"large":false,"1536x1536":false,"2048x2048":false},"uagb_author_info":{"display_name":"Iktyosf\u00f6reningen","author_link":"https:\/\/iktyos.se\/?author=1"},"uagb_comment_info":0,"uagb_excerpt":"F\u00f6reningshelg Varje \u00e5r sedan 1988 har vi, med n\u00e5gra undantag, haft en f\u00f6reningshelg i maj. Vi tr\u00e4ffas p\u00e5 fredagskv\u00e4llen d\u00e4r vi grillar och umg\u00e5s. P\u00e5 l\u00f6rdagen har vi \u00e5rsm\u00f6te och n\u00e5gon annan aktivitet d\u00e4r vi kan utbyta erfarenheter, l\u00e4ra k\u00e4nna &hellip; L\u00e4s mer &rarr;","_links":{"self":[{"href":"https:\/\/iktyos.se\/index.php?rest_route=\/wp\/v2\/pages\/1143","targetHints":{"allow":["GET"]}}],"collection":[{"href":"https:\/\/iktyos.se\/index.php?rest_route=\/wp\/v2\/pages"}],"about":[{"href":"https:\/\/iktyos.se\/index.php?rest_route=\/wp\/v2\/types\/page"}],"author":[{"embeddable":true,"href":"https:\/\/iktyos.se\/index.php?rest_route=\/wp\/v2\/users\/1"}],"replies":[{"embeddable":true,"href":"https:\/\/iktyos.se\/index.php?rest_route=%2Fwp%2Fv2%2Fcomments&post=1143"}],"version-history":[{"count":34,"href":"https:\/\/iktyos.se\/index.php?rest_route=\/wp\/v2\/pages\/1143\/revisions"}],"predecessor-version":[{"id":1795,"href":"https:\/\/iktyos.se\/index.php?rest_route=\/wp\/v2\/pages\/1143\/revisions\/1795"}],"wp:attachment":[{"href":"https:\/\/iktyos.se\/index.php?rest_route=%2Fwp%2Fv2%2Fmedia&parent=1143"}],"curies":[{"name":"wp","href":"https:\/\/api.w.org\/{rel}","templated":true}]}}