{"id":11,"date":"2025-06-05T21:09:36","date_gmt":"2025-06-05T21:09:36","guid":{"rendered":"https:\/\/test.iktyos.se\/?page_id=11"},"modified":"2026-02-11T09:48:17","modified_gmt":"2026-02-11T09:48:17","slug":"hem","status":"publish","type":"page","link":"https:\/\/iktyos.se\/","title":{"rendered":"Hem"},"content":{"rendered":"\n<div class=\"wp-block-group alignfull has-base-background-color has-background\" style=\"margin-top:0;margin-bottom:0;padding-top:var(--wp--preset--spacing--50);padding-right:var(--wp--preset--spacing--30);padding-bottom:var(--wp--preset--spacing--50);padding-left:var(--wp--preset--spacing--30)\"><div class=\"wp-block-group__inner-container is-layout-constrained wp-container-core-group-is-layout-d4617fa4 wp-block-group-is-layout-constrained\">\n<div class=\"wp-block-columns alignwide is-layout-flex wp-container-core-columns-is-layout-bd0aba32 wp-block-columns-is-layout-flex\">\n<div class=\"wp-block-column is-vertically-aligned-bottom is-layout-flow wp-block-column-is-layout-flow\">\n<h2 class=\"wp-block-heading has-text-align-center\">V\u00e4lkommen till Iktyosf\u00f6reningen!<\/h2>\n<\/div>\n<\/div>\n<\/div><\/div>\n\n\n\n<div class=\"wp-block-group alignfull has-base-2-background-color has-background\" style=\"margin-top:0;margin-bottom:0;padding-top:var(--wp--preset--spacing--50);padding-right:var(--wp--preset--spacing--30);padding-bottom:var(--wp--preset--spacing--50);padding-left:var(--wp--preset--spacing--30)\"><div class=\"wp-block-group__inner-container is-layout-constrained wp-container-core-group-is-layout-d4617fa4 wp-block-group-is-layout-constrained\">\n<p class=\"has-text-align-center has-medium-font-size\">Iktyosf\u00f6reningen finns f\u00f6r dig som lever med iktyos och f\u00f6r dina n\u00e4rst\u00e5ende.<\/p>\n\n\n\n<p class=\"has-text-align-center has-medium-font-size\">Tillsammans skapar vi gemenskap, sprider kunskap och arbetar f\u00f6r en b\u00e4ttre vardag.<\/p>\n\n\n\n<p class=\"has-text-align-center has-medium-font-size\">Vi v\u00e4lkomnar ocks\u00e5 dig som lever med hudsjukdomar som liknar iktyos.<\/p>\n\n\n\n<h2 class=\"wp-block-heading has-text-align-center\">Hos oss \u00e4r du inte ensam!<\/h2>\n<\/div><\/div>\n","protected":false},"excerpt":{"rendered":"<p>V\u00e4lkommen till Iktyosf\u00f6reningen! Iktyosf\u00f6reningen finns f\u00f6r dig som lever med iktyos och f\u00f6r dina n\u00e4rst\u00e5ende. Tillsammans skapar vi gemenskap, sprider kunskap och arbetar f\u00f6r en b\u00e4ttre vardag. Vi v\u00e4lkomnar ocks\u00e5 dig som lever med hudsjukdomar som liknar iktyos. Hos oss <span class=\"excerpt-dots\">&hellip;<\/span> <a class=\"more-link\" href=\"https:\/\/iktyos.se\/\"><span class=\"more-msg\">L\u00e4s mer &rarr;<\/span><\/a><\/p>\n","protected":false},"author":3,"featured_media":0,"parent":0,"menu_order":1,"comment_status":"closed","ping_status":"closed","template":"paget-blank.php","meta":{"_uag_custom_page_level_css":"","footnotes":""},"class_list":["post-11","page","type-page","status-publish","hentry"],"uagb_featured_image_src":{"full":false,"thumbnail":false,"medium":false,"medium_large":false,"large":false,"1536x1536":false,"2048x2048":false},"uagb_author_info":{"display_name":"Kenneth Niklasson","author_link":"https:\/\/iktyos.se\/?author=3"},"uagb_comment_info":0,"uagb_excerpt":"V\u00e4lkommen till Iktyosf\u00f6reningen! Iktyosf\u00f6reningen finns f\u00f6r dig som lever med iktyos och f\u00f6r dina n\u00e4rst\u00e5ende. Tillsammans skapar vi gemenskap, sprider kunskap och arbetar f\u00f6r en b\u00e4ttre vardag. Vi v\u00e4lkomnar ocks\u00e5 dig som lever med hudsjukdomar som liknar iktyos. Hos oss &hellip; L\u00e4s mer &rarr;","_links":{"self":[{"href":"https:\/\/iktyos.se\/index.php?rest_route=\/wp\/v2\/pages\/11","targetHints":{"allow":["GET"]}}],"collection":[{"href":"https:\/\/iktyos.se\/index.php?rest_route=\/wp\/v2\/pages"}],"about":[{"href":"https:\/\/iktyos.se\/index.php?rest_route=\/wp\/v2\/types\/page"}],"author":[{"embeddable":true,"href":"https:\/\/iktyos.se\/index.php?rest_route=\/wp\/v2\/users\/3"}],"replies":[{"embeddable":true,"href":"https:\/\/iktyos.se\/index.php?rest_route=%2Fwp%2Fv2%2Fcomments&post=11"}],"version-history":[{"count":51,"href":"https:\/\/iktyos.se\/index.php?rest_route=\/wp\/v2\/pages\/11\/revisions"}],"predecessor-version":[{"id":2057,"href":"https:\/\/iktyos.se\/index.php?rest_route=\/wp\/v2\/pages\/11\/revisions\/2057"}],"wp:attachment":[{"href":"https:\/\/iktyos.se\/index.php?rest_route=%2Fwp%2Fv2%2Fmedia&parent=11"}],"curies":[{"name":"wp","href":"https:\/\/api.w.org\/{rel}","templated":true}]}}